{"id":9173,"date":"2024-01-17T09:38:50","date_gmt":"2024-01-17T08:38:50","guid":{"rendered":"https:\/\/mezcrafts.com\/?page_id=9173"},"modified":"2024-01-23T13:46:48","modified_gmt":"2024-01-23T12:46:48","slug":"whistleblowing-meldestelle","status":"publish","type":"page","link":"https:\/\/mezcrafts.com\/en\/whistleblowing-meldestelle\/","title":{"rendered":"Whistleblowing Meldestelle"},"content":{"rendered":"<div class=\"m-page-title\">\n<h1 class=\"m-page-title__heading\">MEZ Crafts Group<\/h1>\n<\/div>\n<div class=\"m-text\">\n<div class=\"m-text__content m-text__content--narrow \">\n<p>Ethische und moralische Werte bilden die Grundlage unserer Arbeit. Corporate Governance ist daher ein zentraler Pfeiler unseres Handelns.<\/p>\n<p>Sollte es trotz unserer hohen Anspr\u00fcche vorkommen, dass sich Mitarbeiterinnen und Mitarbeiter oder Vertriebspartner der MEZ Group unehrlich oder unethisch verhalten oder gar Straftaten begehen, k\u00f6nnen Sie dies melden.<\/p>\n<p>Beispiele f\u00fcr solche Verst\u00f6\u00dfe sind<\/p>\n<ul>\n<li>Diebstahl<\/li>\n<li>Bestechung und geldwerte Vorteile<\/li>\n<li>Betrug, einschlie\u00dflich der Erschleichung von Leistungen oder der Beihilfe dazu<\/li>\n<li>Geldw\u00e4sche<\/li>\n<li>Unlautere Beschaffung \/ Pr\u00e4sentation von Daten oder Informationen (entgeltlich oder unentgeltlich)<\/li>\n<li>Unlauteres Verhalten, unlautere Gesch\u00e4ftspraktiken oder Anstiftung dazu<\/li>\n<li>Manipulation der Rechnungslegung<\/li>\n<li>Manipulation von Schadenzahlungen<\/li>\n<li>Veruntreuung von Unternehmensgeldern<\/li>\n<li>Unlautere Vertriebsmethoden<\/li>\n<\/ul>\n<\/div>\n<\/div>\n","protected":false},"excerpt":{"rendered":"<p>MEZ Crafts Group Ethische und moralische Werte bilden die Grundlage unserer Arbeit. Corporate Governance ist daher ein zentraler Pfeiler unseres Handelns. Sollte es trotz unserer hohen Anspr\u00fcche vorkommen, dass sich &#8230;<\/p>\n","protected":false},"author":5,"featured_media":0,"parent":0,"menu_order":0,"comment_status":"closed","ping_status":"closed","template":"","meta":{"footnotes":""},"class_list":["post-9173","page","type-page","status-publish","hentry"],"acf":[],"_links":{"self":[{"href":"https:\/\/mezcrafts.com\/en\/wp-json\/wp\/v2\/pages\/9173","targetHints":{"allow":["GET"]}}],"collection":[{"href":"https:\/\/mezcrafts.com\/en\/wp-json\/wp\/v2\/pages"}],"about":[{"href":"https:\/\/mezcrafts.com\/en\/wp-json\/wp\/v2\/types\/page"}],"author":[{"embeddable":true,"href":"https:\/\/mezcrafts.com\/en\/wp-json\/wp\/v2\/users\/5"}],"replies":[{"embeddable":true,"href":"https:\/\/mezcrafts.com\/en\/wp-json\/wp\/v2\/comments?post=9173"}],"version-history":[{"count":5,"href":"https:\/\/mezcrafts.com\/en\/wp-json\/wp\/v2\/pages\/9173\/revisions"}],"predecessor-version":[{"id":9207,"href":"https:\/\/mezcrafts.com\/en\/wp-json\/wp\/v2\/pages\/9173\/revisions\/9207"}],"wp:attachment":[{"href":"https:\/\/mezcrafts.com\/en\/wp-json\/wp\/v2\/media?parent=9173"}],"curies":[{"name":"wp","href":"https:\/\/api.w.org\/{rel}","templated":true}]}}