{"id":2630,"date":"2021-09-28T12:44:03","date_gmt":"2021-09-28T12:44:03","guid":{"rendered":"https:\/\/mezcrafts.de\/karriere-bei-mez\/"},"modified":"2024-05-27T09:28:14","modified_gmt":"2024-05-27T07:28:14","slug":"karriere-bei-mez","status":"publish","type":"page","link":"https:\/\/mezcrafts.com\/es\/karriere-bei-mez\/","title":{"rendered":"Carreras"},"content":{"rendered":"<p>Ya sea el desarrollo de productos, las compras, las finanzas, el marketing, las ventas o la log\u00edstica, en el Grupo MEZ Crafts siempre hay algo en movimiento y existen diversos campos de actividad y tareas interesantes. Si su coraz\u00f3n late un poco m\u00e1s r\u00e1pido cuando sale el tema de la costura, los hilos, la creatividad y el bricolaje, entonces es muy probable que encuentre el trabajo de sus sue\u00f1os en nuestra empresa.<\/p>\n","protected":false},"excerpt":{"rendered":"<p>Ya sea el desarrollo de productos, las compras, las finanzas, el marketing, las ventas o la log\u00edstica, en el Grupo MEZ Crafts siempre hay algo en movimiento y existen diversos &#8230;<\/p>\n","protected":false},"author":5,"featured_media":0,"parent":0,"menu_order":0,"comment_status":"closed","ping_status":"closed","template":"","meta":{"footnotes":""},"class_list":["post-2630","page","type-page","status-publish","hentry"],"acf":[],"_links":{"self":[{"href":"https:\/\/mezcrafts.com\/es\/wp-json\/wp\/v2\/pages\/2630","targetHints":{"allow":["GET"]}}],"collection":[{"href":"https:\/\/mezcrafts.com\/es\/wp-json\/wp\/v2\/pages"}],"about":[{"href":"https:\/\/mezcrafts.com\/es\/wp-json\/wp\/v2\/types\/page"}],"author":[{"embeddable":true,"href":"https:\/\/mezcrafts.com\/es\/wp-json\/wp\/v2\/users\/5"}],"replies":[{"embeddable":true,"href":"https:\/\/mezcrafts.com\/es\/wp-json\/wp\/v2\/comments?post=2630"}],"version-history":[{"count":3,"href":"https:\/\/mezcrafts.com\/es\/wp-json\/wp\/v2\/pages\/2630\/revisions"}],"predecessor-version":[{"id":9371,"href":"https:\/\/mezcrafts.com\/es\/wp-json\/wp\/v2\/pages\/2630\/revisions\/9371"}],"wp:attachment":[{"href":"https:\/\/mezcrafts.com\/es\/wp-json\/wp\/v2\/media?parent=2630"}],"curies":[{"name":"wp","href":"https:\/\/api.w.org\/{rel}","templated":true}]}}