{"id":2635,"date":"2021-09-16T16:10:30","date_gmt":"2021-09-16T16:10:30","guid":{"rendered":"https:\/\/mezcrafts.de\/kataloge-kollektionen\/"},"modified":"2025-08-22T12:05:04","modified_gmt":"2025-08-22T10:05:04","slug":"catalogos-y-colecciones","status":"publish","type":"page","link":"https:\/\/mezcrafts.com\/es\/catalogos-y-colecciones\/","title":{"rendered":"Cat\u00e1logos y colecciones"},"content":{"rendered":"<p>Aqu\u00ed puede encontrar las colecciones actuales y los cat\u00e1logos de las distintas marcas a modo de resumen. Haga clic en el logotipo correspondiente para acceder a la zona de descarga.<\/p>\n<p>Tenga en cuenta que algunos de los archivos disponibles son muy grandes, por lo que no se recomienda descargar los PDF con datos m\u00f3viles.<\/p>\n","protected":false},"excerpt":{"rendered":"<p>Aqu\u00ed puede encontrar las colecciones actuales y los cat\u00e1logos de las distintas marcas a modo de resumen. Haga clic en el logotipo correspondiente para acceder a la zona de descarga. &#8230;<\/p>\n","protected":false},"author":5,"featured_media":0,"parent":0,"menu_order":0,"comment_status":"closed","ping_status":"closed","template":"","meta":{"footnotes":""},"class_list":["post-2635","page","type-page","status-publish","hentry"],"acf":[],"_links":{"self":[{"href":"https:\/\/mezcrafts.com\/es\/wp-json\/wp\/v2\/pages\/2635","targetHints":{"allow":["GET"]}}],"collection":[{"href":"https:\/\/mezcrafts.com\/es\/wp-json\/wp\/v2\/pages"}],"about":[{"href":"https:\/\/mezcrafts.com\/es\/wp-json\/wp\/v2\/types\/page"}],"author":[{"embeddable":true,"href":"https:\/\/mezcrafts.com\/es\/wp-json\/wp\/v2\/users\/5"}],"replies":[{"embeddable":true,"href":"https:\/\/mezcrafts.com\/es\/wp-json\/wp\/v2\/comments?post=2635"}],"version-history":[{"count":6,"href":"https:\/\/mezcrafts.com\/es\/wp-json\/wp\/v2\/pages\/2635\/revisions"}],"predecessor-version":[{"id":9683,"href":"https:\/\/mezcrafts.com\/es\/wp-json\/wp\/v2\/pages\/2635\/revisions\/9683"}],"wp:attachment":[{"href":"https:\/\/mezcrafts.com\/es\/wp-json\/wp\/v2\/media?parent=2635"}],"curies":[{"name":"wp","href":"https:\/\/api.w.org\/{rel}","templated":true}]}}