{"id":2746,"date":"2021-09-28T12:44:03","date_gmt":"2021-09-28T12:44:03","guid":{"rendered":"https:\/\/mezcrafts.de\/karriere-bei-mez\/"},"modified":"2025-08-11T08:10:16","modified_gmt":"2025-08-11T06:10:16","slug":"karriere-bei-mez","status":"publish","type":"page","link":"https:\/\/mezcrafts.com\/fr\/karriere-bei-mez\/","title":{"rendered":"Offres d&#8217;emploi"},"content":{"rendered":"<p>Qu&rsquo;il s&rsquo;agisse du d\u00e9veloppement de produits, des achats, des finances, du marketing, de la distribution ou de la logistique, il se passe toujours quelque chose au sein du groupe MEZ Crafts Germany GmbH et et il existe diff\u00e9rents domaines d&rsquo;activit\u00e9 et t\u00e2ches passionnantes. Si votre c\u0153ur bat pour les travaux manuels, les fils, la cr\u00e9ativit\u00e9 et le DIY, vous avez toutes les chances de trouver le job de vos r\u00eaves chez nous.<\/p>\n","protected":false},"excerpt":{"rendered":"<p>Qu&rsquo;il s&rsquo;agisse du d\u00e9veloppement de produits, des achats, des finances, du marketing, de la distribution ou de la logistique, il se passe toujours quelque chose au sein du groupe MEZ &#8230;<\/p>\n","protected":false},"author":5,"featured_media":0,"parent":0,"menu_order":0,"comment_status":"closed","ping_status":"closed","template":"","meta":{"footnotes":""},"class_list":["post-2746","page","type-page","status-publish","hentry"],"acf":[],"_links":{"self":[{"href":"https:\/\/mezcrafts.com\/fr\/wp-json\/wp\/v2\/pages\/2746","targetHints":{"allow":["GET"]}}],"collection":[{"href":"https:\/\/mezcrafts.com\/fr\/wp-json\/wp\/v2\/pages"}],"about":[{"href":"https:\/\/mezcrafts.com\/fr\/wp-json\/wp\/v2\/types\/page"}],"author":[{"embeddable":true,"href":"https:\/\/mezcrafts.com\/fr\/wp-json\/wp\/v2\/users\/5"}],"replies":[{"embeddable":true,"href":"https:\/\/mezcrafts.com\/fr\/wp-json\/wp\/v2\/comments?post=2746"}],"version-history":[{"count":5,"href":"https:\/\/mezcrafts.com\/fr\/wp-json\/wp\/v2\/pages\/2746\/revisions"}],"predecessor-version":[{"id":9626,"href":"https:\/\/mezcrafts.com\/fr\/wp-json\/wp\/v2\/pages\/2746\/revisions\/9626"}],"wp:attachment":[{"href":"https:\/\/mezcrafts.com\/fr\/wp-json\/wp\/v2\/media?parent=2746"}],"curies":[{"name":"wp","href":"https:\/\/api.w.org\/{rel}","templated":true}]}}