{"id":2756,"date":"2021-09-16T16:10:30","date_gmt":"2021-09-16T16:10:30","guid":{"rendered":"https:\/\/mezcrafts.de\/kataloge-kollektionen\/"},"modified":"2025-08-22T12:00:51","modified_gmt":"2025-08-22T10:00:51","slug":"catalogues-collections","status":"publish","type":"page","link":"https:\/\/mezcrafts.com\/fr\/catalogues-collections\/","title":{"rendered":"Catalogues &#038; collections"},"content":{"rendered":"<p>Vous trouverez ici un aper\u00e7u des collections et des catalogues actuels de nos diff\u00e9rentes marques. Cliquez sur le logo correspondant pour acc\u00e9der aux t\u00e9l\u00e9chargements.<\/p>\n<p>Veuillez noter que les fichiers sont parfois tr\u00e8s volumineux ; c&rsquo;est pourquoi nous vous recommandons de ne pas lancer le t\u00e9l\u00e9chargement des PDF via des donn\u00e9es mobiles.<\/p>\n","protected":false},"excerpt":{"rendered":"<p>Vous trouverez ici un aper\u00e7u des collections et des catalogues actuels de nos diff\u00e9rentes marques. Cliquez sur le logo correspondant pour acc\u00e9der aux t\u00e9l\u00e9chargements. Veuillez noter que les fichiers sont &#8230;<\/p>\n","protected":false},"author":5,"featured_media":0,"parent":0,"menu_order":0,"comment_status":"closed","ping_status":"closed","template":"","meta":{"footnotes":""},"class_list":["post-2756","page","type-page","status-publish","hentry"],"acf":[],"_links":{"self":[{"href":"https:\/\/mezcrafts.com\/fr\/wp-json\/wp\/v2\/pages\/2756","targetHints":{"allow":["GET"]}}],"collection":[{"href":"https:\/\/mezcrafts.com\/fr\/wp-json\/wp\/v2\/pages"}],"about":[{"href":"https:\/\/mezcrafts.com\/fr\/wp-json\/wp\/v2\/types\/page"}],"author":[{"embeddable":true,"href":"https:\/\/mezcrafts.com\/fr\/wp-json\/wp\/v2\/users\/5"}],"replies":[{"embeddable":true,"href":"https:\/\/mezcrafts.com\/fr\/wp-json\/wp\/v2\/comments?post=2756"}],"version-history":[{"count":12,"href":"https:\/\/mezcrafts.com\/fr\/wp-json\/wp\/v2\/pages\/2756\/revisions"}],"predecessor-version":[{"id":9679,"href":"https:\/\/mezcrafts.com\/fr\/wp-json\/wp\/v2\/pages\/2756\/revisions\/9679"}],"wp:attachment":[{"href":"https:\/\/mezcrafts.com\/fr\/wp-json\/wp\/v2\/media?parent=2756"}],"curies":[{"name":"wp","href":"https:\/\/api.w.org\/{rel}","templated":true}]}}