{"id":2760,"date":"2021-09-13T16:24:52","date_gmt":"2021-09-13T16:24:52","guid":{"rendered":"https:\/\/mezcrafts.de\/kontakt\/"},"modified":"2025-08-22T11:47:03","modified_gmt":"2025-08-22T09:47:03","slug":"contact","status":"publish","type":"page","link":"https:\/\/mezcrafts.com\/fr\/contact\/","title":{"rendered":"Contact"},"content":{"rendered":"<p>Vous souhaitez nous faire part d&rsquo;une remarque ou vous avez des questions concernant notre site Web ou nos produits ?<br \/>\nL&rsquo;\u00e9quipe MEZ Crafts se fera un plaisir de r\u00e9pondre \u00e0 votre message.<\/p>\n","protected":false},"excerpt":{"rendered":"<p>Vous souhaitez nous faire part d&rsquo;une remarque ou vous avez des questions concernant notre site Web ou nos produits ? L&rsquo;\u00e9quipe MEZ Crafts se fera un plaisir de r\u00e9pondre \u00e0 &#8230;<\/p>\n","protected":false},"author":5,"featured_media":0,"parent":0,"menu_order":0,"comment_status":"closed","ping_status":"closed","template":"","meta":{"footnotes":""},"class_list":["post-2760","page","type-page","status-publish","hentry"],"acf":[],"_links":{"self":[{"href":"https:\/\/mezcrafts.com\/fr\/wp-json\/wp\/v2\/pages\/2760","targetHints":{"allow":["GET"]}}],"collection":[{"href":"https:\/\/mezcrafts.com\/fr\/wp-json\/wp\/v2\/pages"}],"about":[{"href":"https:\/\/mezcrafts.com\/fr\/wp-json\/wp\/v2\/types\/page"}],"author":[{"embeddable":true,"href":"https:\/\/mezcrafts.com\/fr\/wp-json\/wp\/v2\/users\/5"}],"replies":[{"embeddable":true,"href":"https:\/\/mezcrafts.com\/fr\/wp-json\/wp\/v2\/comments?post=2760"}],"version-history":[{"count":7,"href":"https:\/\/mezcrafts.com\/fr\/wp-json\/wp\/v2\/pages\/2760\/revisions"}],"predecessor-version":[{"id":9668,"href":"https:\/\/mezcrafts.com\/fr\/wp-json\/wp\/v2\/pages\/2760\/revisions\/9668"}],"wp:attachment":[{"href":"https:\/\/mezcrafts.com\/fr\/wp-json\/wp\/v2\/media?parent=2760"}],"curies":[{"name":"wp","href":"https:\/\/api.w.org\/{rel}","templated":true}]}}