{"id":5310,"date":"2021-09-16T16:10:30","date_gmt":"2021-09-16T16:10:30","guid":{"rendered":"https:\/\/mezcrafts.de\/kataloge-kollektionen\/"},"modified":"2025-08-22T12:02:56","modified_gmt":"2025-08-22T10:02:56","slug":"katalogusok-es-gyujtemenyek","status":"publish","type":"page","link":"https:\/\/mezcrafts.com\/hu\/katalogusok-es-gyujtemenyek\/","title":{"rendered":"Katal\u00f3gusok \u00e9s gy\u0171jtem\u00e9nyek"},"content":{"rendered":"<p>Itt tal\u00e1lja az egyes m\u00e1rk\u00e1ink aktu\u00e1lis kollekci\u00f3inak \u00e9s katal\u00f3gusainak \u00e1ttekint\u00e9s\u00e9t. Kattintson a megfelel\u0151 log\u00f3ra a let\u00f6lt\u00e9sek el\u00e9r\u00e9s\u00e9hez.<\/p>\n<p>Felh\u00edvjuk figyelm\u00e9t, hogy a t\u00e1rolt f\u00e1jlok r\u00e9szben nagyon nagyok, ez\u00e9rt javasoljuk, hogy ne mobil adatforgalmon kereszt\u00fcl ind\u00edtsa el a PDF-ek let\u00f6lt\u00e9s\u00e9t.<\/p>\n","protected":false},"excerpt":{"rendered":"<p>Itt tal\u00e1lja az egyes m\u00e1rk\u00e1ink aktu\u00e1lis kollekci\u00f3inak \u00e9s katal\u00f3gusainak \u00e1ttekint\u00e9s\u00e9t. Kattintson a megfelel\u0151 log\u00f3ra a let\u00f6lt\u00e9sek el\u00e9r\u00e9s\u00e9hez. Felh\u00edvjuk figyelm\u00e9t, hogy a t\u00e1rolt f\u00e1jlok r\u00e9szben nagyon nagyok, ez\u00e9rt javasoljuk, hogy ne &#8230;<\/p>\n","protected":false},"author":5,"featured_media":0,"parent":0,"menu_order":0,"comment_status":"closed","ping_status":"closed","template":"","meta":{"footnotes":""},"class_list":["post-5310","page","type-page","status-publish","hentry"],"acf":[],"_links":{"self":[{"href":"https:\/\/mezcrafts.com\/hu\/wp-json\/wp\/v2\/pages\/5310","targetHints":{"allow":["GET"]}}],"collection":[{"href":"https:\/\/mezcrafts.com\/hu\/wp-json\/wp\/v2\/pages"}],"about":[{"href":"https:\/\/mezcrafts.com\/hu\/wp-json\/wp\/v2\/types\/page"}],"author":[{"embeddable":true,"href":"https:\/\/mezcrafts.com\/hu\/wp-json\/wp\/v2\/users\/5"}],"replies":[{"embeddable":true,"href":"https:\/\/mezcrafts.com\/hu\/wp-json\/wp\/v2\/comments?post=5310"}],"version-history":[{"count":6,"href":"https:\/\/mezcrafts.com\/hu\/wp-json\/wp\/v2\/pages\/5310\/revisions"}],"predecessor-version":[{"id":9681,"href":"https:\/\/mezcrafts.com\/hu\/wp-json\/wp\/v2\/pages\/5310\/revisions\/9681"}],"wp:attachment":[{"href":"https:\/\/mezcrafts.com\/hu\/wp-json\/wp\/v2\/media?parent=5310"}],"curies":[{"name":"wp","href":"https:\/\/api.w.org\/{rel}","templated":true}]}}