{"id":5314,"date":"2021-09-16T15:49:21","date_gmt":"2021-09-16T15:49:21","guid":{"rendered":"https:\/\/mezcrafts.de\/vision-mission\/"},"modified":"2022-03-15T19:40:32","modified_gmt":"2022-03-15T18:40:32","slug":"joevokepuenk-es-kueldetesuenk","status":"publish","type":"page","link":"https:\/\/mezcrafts.com\/hu\/joevokepuenk-es-kueldetesuenk\/","title":{"rendered":"J\u00f6v\u0151k\u00e9p\u00fcnk \u00e9s k\u00fcldet\u00e9s\u00fcnk"},"content":{"rendered":"","protected":false},"excerpt":{"rendered":"","protected":false},"author":5,"featured_media":0,"parent":0,"menu_order":0,"comment_status":"closed","ping_status":"closed","template":"","meta":{"footnotes":""},"class_list":["post-5314","page","type-page","status-publish","hentry"],"acf":[],"_links":{"self":[{"href":"https:\/\/mezcrafts.com\/hu\/wp-json\/wp\/v2\/pages\/5314","targetHints":{"allow":["GET"]}}],"collection":[{"href":"https:\/\/mezcrafts.com\/hu\/wp-json\/wp\/v2\/pages"}],"about":[{"href":"https:\/\/mezcrafts.com\/hu\/wp-json\/wp\/v2\/types\/page"}],"author":[{"embeddable":true,"href":"https:\/\/mezcrafts.com\/hu\/wp-json\/wp\/v2\/users\/5"}],"replies":[{"embeddable":true,"href":"https:\/\/mezcrafts.com\/hu\/wp-json\/wp\/v2\/comments?post=5314"}],"version-history":[{"count":5,"href":"https:\/\/mezcrafts.com\/hu\/wp-json\/wp\/v2\/pages\/5314\/revisions"}],"predecessor-version":[{"id":7624,"href":"https:\/\/mezcrafts.com\/hu\/wp-json\/wp\/v2\/pages\/5314\/revisions\/7624"}],"wp:attachment":[{"href":"https:\/\/mezcrafts.com\/hu\/wp-json\/wp\/v2\/media?parent=5314"}],"curies":[{"name":"wp","href":"https:\/\/api.w.org\/{rel}","templated":true}]}}