{"id":5338,"date":"2021-09-14T08:11:26","date_gmt":"2021-09-14T08:11:26","guid":{"rendered":"https:\/\/mezcrafts.de\/unsere-marken\/"},"modified":"2022-02-02T13:55:43","modified_gmt":"2022-02-02T12:55:43","slug":"markagaleria","status":"publish","type":"page","link":"https:\/\/mezcrafts.com\/hu\/markagaleria\/","title":{"rendered":"M\u00e1rkagal\u00e9ria"},"content":{"rendered":"<p>Sz\u00e9les m\u00e1rkaportf\u00f3li\u00f3nkban minden tud\u00e1sszinthez megtal\u00e1lhat\u00f3k a megfelel\u0151 term\u00e9kek \u00e9s inspir\u00e1ci\u00f3k. Mindenf\u00e9le k\u00e9zimunk\u00e1hoz k\u00edn\u00e1lunk fonalat, gyapj\u00fat \u00e9s egy\u00e9b anyagokat, \u00e9s mindig megtal\u00e1ljuk az \u00d6nnek legink\u00e1bb megfelel\u0151 megold\u00e1st.<\/p>\n","protected":false},"excerpt":{"rendered":"<p>Sz\u00e9les m\u00e1rkaportf\u00f3li\u00f3nkban minden tud\u00e1sszinthez megtal\u00e1lhat\u00f3k a megfelel\u0151 term\u00e9kek \u00e9s inspir\u00e1ci\u00f3k. Mindenf\u00e9le k\u00e9zimunk\u00e1hoz k\u00edn\u00e1lunk fonalat, gyapj\u00fat \u00e9s egy\u00e9b anyagokat, \u00e9s mindig megtal\u00e1ljuk az \u00d6nnek legink\u00e1bb megfelel\u0151 megold\u00e1st.<\/p>\n","protected":false},"author":5,"featured_media":0,"parent":0,"menu_order":0,"comment_status":"closed","ping_status":"closed","template":"","meta":{"footnotes":""},"class_list":["post-5338","page","type-page","status-publish","hentry"],"acf":[],"_links":{"self":[{"href":"https:\/\/mezcrafts.com\/hu\/wp-json\/wp\/v2\/pages\/5338","targetHints":{"allow":["GET"]}}],"collection":[{"href":"https:\/\/mezcrafts.com\/hu\/wp-json\/wp\/v2\/pages"}],"about":[{"href":"https:\/\/mezcrafts.com\/hu\/wp-json\/wp\/v2\/types\/page"}],"author":[{"embeddable":true,"href":"https:\/\/mezcrafts.com\/hu\/wp-json\/wp\/v2\/users\/5"}],"replies":[{"embeddable":true,"href":"https:\/\/mezcrafts.com\/hu\/wp-json\/wp\/v2\/comments?post=5338"}],"version-history":[{"count":1,"href":"https:\/\/mezcrafts.com\/hu\/wp-json\/wp\/v2\/pages\/5338\/revisions"}],"predecessor-version":[{"id":6384,"href":"https:\/\/mezcrafts.com\/hu\/wp-json\/wp\/v2\/pages\/5338\/revisions\/6384"}],"wp:attachment":[{"href":"https:\/\/mezcrafts.com\/hu\/wp-json\/wp\/v2\/media?parent=5338"}],"curies":[{"name":"wp","href":"https:\/\/api.w.org\/{rel}","templated":true}]}}