{"id":5341,"date":"2021-09-13T16:24:52","date_gmt":"2021-09-13T16:24:52","guid":{"rendered":"https:\/\/mezcrafts.de\/kontakt\/"},"modified":"2025-08-22T11:49:07","modified_gmt":"2025-08-22T09:49:07","slug":"kontakt","status":"publish","type":"page","link":"https:\/\/mezcrafts.com\/hu\/kontakt\/","title":{"rendered":"Kontakt"},"content":{"rendered":"<p>Szeretne valamit k\u00f6z\u00f6lni vel\u00fcnk, vagy k\u00e9rd\u00e9se van weboldalunkkal vagy term\u00e9keinkkel kapcsolatban?<br \/>\nA MEZ Crafts csapata \u00f6r\u00f6mmel v\u00e1laszol \u00fczenet\u00e9re.<\/p>\n","protected":false},"excerpt":{"rendered":"<p>Szeretne valamit k\u00f6z\u00f6lni vel\u00fcnk, vagy k\u00e9rd\u00e9se van weboldalunkkal vagy term\u00e9keinkkel kapcsolatban? A MEZ Crafts csapata \u00f6r\u00f6mmel v\u00e1laszol \u00fczenet\u00e9re.<\/p>\n","protected":false},"author":5,"featured_media":0,"parent":0,"menu_order":0,"comment_status":"closed","ping_status":"closed","template":"","meta":{"footnotes":""},"class_list":["post-5341","page","type-page","status-publish","hentry"],"acf":[],"_links":{"self":[{"href":"https:\/\/mezcrafts.com\/hu\/wp-json\/wp\/v2\/pages\/5341","targetHints":{"allow":["GET"]}}],"collection":[{"href":"https:\/\/mezcrafts.com\/hu\/wp-json\/wp\/v2\/pages"}],"about":[{"href":"https:\/\/mezcrafts.com\/hu\/wp-json\/wp\/v2\/types\/page"}],"author":[{"embeddable":true,"href":"https:\/\/mezcrafts.com\/hu\/wp-json\/wp\/v2\/users\/5"}],"replies":[{"embeddable":true,"href":"https:\/\/mezcrafts.com\/hu\/wp-json\/wp\/v2\/comments?post=5341"}],"version-history":[{"count":10,"href":"https:\/\/mezcrafts.com\/hu\/wp-json\/wp\/v2\/pages\/5341\/revisions"}],"predecessor-version":[{"id":9670,"href":"https:\/\/mezcrafts.com\/hu\/wp-json\/wp\/v2\/pages\/5341\/revisions\/9670"}],"wp:attachment":[{"href":"https:\/\/mezcrafts.com\/hu\/wp-json\/wp\/v2\/media?parent=5341"}],"curies":[{"name":"wp","href":"https:\/\/api.w.org\/{rel}","templated":true}]}}