{"id":3701,"date":"2021-09-07T20:04:12","date_gmt":"2021-09-07T20:04:12","guid":{"rendered":"https:\/\/mezcrafts.de\/impressum\/"},"modified":"2025-08-11T07:52:01","modified_gmt":"2025-08-11T05:52:01","slug":"impressum","status":"publish","type":"page","link":"https:\/\/mezcrafts.com\/it\/impressum\/","title":{"rendered":"Impressum"},"content":{"rendered":"<p>Angaben gem\u00e4\u00df \u00a7 5 TMG<\/p>\n<p>MEZ Crafts Germany GmbH<br \/>\nTullastra\u00dfe 19<br \/>\n<span data-olk-copy-source=\"MessageBody\">77955 <\/span>Ettenheim<br \/>\nDeutschland<\/p>\n<p>Tel.: +49 (0) 761 600 435 0<br \/>\nE-Mail: <a href=\"mailto:info@mezcrafts.com\">info@mezcrafts.com <\/a><\/p>\n<p>Gesch\u00e4ftsf\u00fchrer: Josef Hug<\/p>\n<p>Sitz der Gesellschaft: Freiburg<br \/>\nRegistergericht: Amtsgericht Freiburg i. Br.<br \/>\nRegisternummer: HRB 731 730<\/p>\n<p>Umsatzsteuer-Identifikationsnummer gem\u00e4\u00df \u00a7 27 a Umsatzsteuergesetz: DE 322680215<\/p>\n<p>Plattform der EU-Kommission zur Online-Streitbeilegung: <a href=\"http:\/\/ec.europa.eu\/consumers\/odr\" target=\"\u201d_blank\u201d\" rel=\"noopener\">http:\/\/ec.europa.eu\/consumers\/odr<\/a><\/p>\n<p>Wir sind zur Teilnahme an einem Streitbeilegungsverfahren vor einer Verbraucherschlichtungsstelle weder verpflichtet noch bereit.<\/p>\n<p>Inhaltlich verantwortlich: Josef Hug<\/p>\n","protected":false},"excerpt":{"rendered":"<p>Angaben gem\u00e4\u00df \u00a7 5 TMG MEZ Crafts Germany GmbH Tullastra\u00dfe 19 77955 Ettenheim Deutschland Tel.: +49 (0) 761 600 435 0 E-Mail: info@mezcrafts.com Gesch\u00e4ftsf\u00fchrer: Josef Hug Sitz der Gesellschaft: Freiburg &#8230;<\/p>\n","protected":false},"author":5,"featured_media":0,"parent":0,"menu_order":0,"comment_status":"closed","ping_status":"closed","template":"","meta":{"footnotes":""},"class_list":["post-3701","page","type-page","status-publish","hentry"],"acf":[],"_links":{"self":[{"href":"https:\/\/mezcrafts.com\/it\/wp-json\/wp\/v2\/pages\/3701","targetHints":{"allow":["GET"]}}],"collection":[{"href":"https:\/\/mezcrafts.com\/it\/wp-json\/wp\/v2\/pages"}],"about":[{"href":"https:\/\/mezcrafts.com\/it\/wp-json\/wp\/v2\/types\/page"}],"author":[{"embeddable":true,"href":"https:\/\/mezcrafts.com\/it\/wp-json\/wp\/v2\/users\/5"}],"replies":[{"embeddable":true,"href":"https:\/\/mezcrafts.com\/it\/wp-json\/wp\/v2\/comments?post=3701"}],"version-history":[{"count":12,"href":"https:\/\/mezcrafts.com\/it\/wp-json\/wp\/v2\/pages\/3701\/revisions"}],"predecessor-version":[{"id":9571,"href":"https:\/\/mezcrafts.com\/it\/wp-json\/wp\/v2\/pages\/3701\/revisions\/9571"}],"wp:attachment":[{"href":"https:\/\/mezcrafts.com\/it\/wp-json\/wp\/v2\/media?parent=3701"}],"curies":[{"name":"wp","href":"https:\/\/api.w.org\/{rel}","templated":true}]}}