{"id":4671,"date":"2021-09-28T12:44:03","date_gmt":"2021-09-28T12:44:03","guid":{"rendered":"https:\/\/mezcrafts.de\/karriere-bei-mez\/"},"modified":"2024-05-27T09:28:57","modified_gmt":"2024-05-27T07:28:57","slug":"karriere-bei-mez","status":"publish","type":"page","link":"https:\/\/mezcrafts.com\/pt\/karriere-bei-mez\/","title":{"rendered":"Emprego"},"content":{"rendered":"<p>Quer seja desenvolvimento de produtos, compras, finan\u00e7as, marketing, vendas ou log\u00edstica &#8211; no Grupo MEZ Crafts algo est\u00e1 sempre a acontecer, e h\u00e1 v\u00e1rios campos de actividade e tarefas interessantes. Se o seu cora\u00e7\u00e3o bate um pouco mais depressa quando o tema \u00e9 o trabalho com linhas, fios e agulhas, a criatividade e o &#8220;fa\u00e7a voc\u00ea mesmo&#8221;, ent\u00e3o \u00e9 muito prov\u00e1vel que encontre o trabalho dos seus sonhos na nossa empresa.<\/p>\n","protected":false},"excerpt":{"rendered":"<p>Quer seja desenvolvimento de produtos, compras, finan\u00e7as, marketing, vendas ou log\u00edstica &#8211; no Grupo MEZ Crafts algo est\u00e1 sempre a acontecer, e h\u00e1 v\u00e1rios campos de actividade e tarefas interessantes. &#8230;<\/p>\n","protected":false},"author":5,"featured_media":0,"parent":0,"menu_order":0,"comment_status":"closed","ping_status":"closed","template":"","meta":{"footnotes":""},"class_list":["post-4671","page","type-page","status-publish","hentry"],"acf":[],"_links":{"self":[{"href":"https:\/\/mezcrafts.com\/pt\/wp-json\/wp\/v2\/pages\/4671","targetHints":{"allow":["GET"]}}],"collection":[{"href":"https:\/\/mezcrafts.com\/pt\/wp-json\/wp\/v2\/pages"}],"about":[{"href":"https:\/\/mezcrafts.com\/pt\/wp-json\/wp\/v2\/types\/page"}],"author":[{"embeddable":true,"href":"https:\/\/mezcrafts.com\/pt\/wp-json\/wp\/v2\/users\/5"}],"replies":[{"embeddable":true,"href":"https:\/\/mezcrafts.com\/pt\/wp-json\/wp\/v2\/comments?post=4671"}],"version-history":[{"count":3,"href":"https:\/\/mezcrafts.com\/pt\/wp-json\/wp\/v2\/pages\/4671\/revisions"}],"predecessor-version":[{"id":9372,"href":"https:\/\/mezcrafts.com\/pt\/wp-json\/wp\/v2\/pages\/4671\/revisions\/9372"}],"wp:attachment":[{"href":"https:\/\/mezcrafts.com\/pt\/wp-json\/wp\/v2\/media?parent=4671"}],"curies":[{"name":"wp","href":"https:\/\/api.w.org\/{rel}","templated":true}]}}