{"id":4681,"date":"2021-09-16T16:10:30","date_gmt":"2021-09-16T16:10:30","guid":{"rendered":"https:\/\/mezcrafts.de\/kataloge-kollektionen\/"},"modified":"2025-08-22T11:58:39","modified_gmt":"2025-08-22T09:58:39","slug":"catalogos-e-coleccoes","status":"publish","type":"page","link":"https:\/\/mezcrafts.com\/pt\/catalogos-e-coleccoes\/","title":{"rendered":"Cat\u00e1logos e Colec\u00e7\u00f5es"},"content":{"rendered":"<p>Aqui encontra uma vis\u00e3o geral das cole\u00e7\u00f5es e cat\u00e1logos atuais das nossas marcas individuais. Clique no log\u00f3tipo correspondente para aceder aos downloads.<\/p>\n<p>Tenha em aten\u00e7\u00e3o que alguns dos ficheiros armazenados s\u00e3o muito grandes, pelo que recomendamos que n\u00e3o inicie o download dos PDFs atrav\u00e9s de dados m\u00f3veis.<\/p>\n","protected":false},"excerpt":{"rendered":"<p>Aqui encontra uma vis\u00e3o geral das cole\u00e7\u00f5es e cat\u00e1logos atuais das nossas marcas individuais. Clique no log\u00f3tipo correspondente para aceder aos downloads. Tenha em aten\u00e7\u00e3o que alguns dos ficheiros armazenados &#8230;<\/p>\n","protected":false},"author":5,"featured_media":0,"parent":0,"menu_order":0,"comment_status":"closed","ping_status":"closed","template":"","meta":{"footnotes":""},"class_list":["post-4681","page","type-page","status-publish","hentry"],"acf":[],"_links":{"self":[{"href":"https:\/\/mezcrafts.com\/pt\/wp-json\/wp\/v2\/pages\/4681","targetHints":{"allow":["GET"]}}],"collection":[{"href":"https:\/\/mezcrafts.com\/pt\/wp-json\/wp\/v2\/pages"}],"about":[{"href":"https:\/\/mezcrafts.com\/pt\/wp-json\/wp\/v2\/types\/page"}],"author":[{"embeddable":true,"href":"https:\/\/mezcrafts.com\/pt\/wp-json\/wp\/v2\/users\/5"}],"replies":[{"embeddable":true,"href":"https:\/\/mezcrafts.com\/pt\/wp-json\/wp\/v2\/comments?post=4681"}],"version-history":[{"count":8,"href":"https:\/\/mezcrafts.com\/pt\/wp-json\/wp\/v2\/pages\/4681\/revisions"}],"predecessor-version":[{"id":9676,"href":"https:\/\/mezcrafts.com\/pt\/wp-json\/wp\/v2\/pages\/4681\/revisions\/9676"}],"wp:attachment":[{"href":"https:\/\/mezcrafts.com\/pt\/wp-json\/wp\/v2\/media?parent=4681"}],"curies":[{"name":"wp","href":"https:\/\/api.w.org\/{rel}","templated":true}]}}