{"id":4685,"date":"2021-09-14T08:11:26","date_gmt":"2021-09-14T08:11:26","guid":{"rendered":"https:\/\/mezcrafts.de\/unsere-marken\/"},"modified":"2022-02-01T14:19:26","modified_gmt":"2022-02-01T13:19:26","slug":"marcas","status":"publish","type":"page","link":"https:\/\/mezcrafts.com\/pt\/marcas\/","title":{"rendered":"Marcas"},"content":{"rendered":"<p>O nosso vasto portef\u00f3lio de marcas oferece-lhe um mundo de produtos e inspira\u00e7\u00e3o para todos os n\u00edveis de compet\u00eancia. Armazenamos fios, l\u00e3 e outros materiais para todo o tipo de arte de bordar e encontramos sempre uma solu\u00e7\u00e3o individual para si.<\/p>\n","protected":false},"excerpt":{"rendered":"<p>O nosso vasto portef\u00f3lio de marcas oferece-lhe um mundo de produtos e inspira\u00e7\u00e3o para todos os n\u00edveis de compet\u00eancia. Armazenamos fios, l\u00e3 e outros materiais para todo o tipo de &#8230;<\/p>\n","protected":false},"author":5,"featured_media":0,"parent":0,"menu_order":0,"comment_status":"closed","ping_status":"closed","template":"","meta":{"footnotes":""},"class_list":["post-4685","page","type-page","status-publish","hentry"],"acf":[],"_links":{"self":[{"href":"https:\/\/mezcrafts.com\/pt\/wp-json\/wp\/v2\/pages\/4685","targetHints":{"allow":["GET"]}}],"collection":[{"href":"https:\/\/mezcrafts.com\/pt\/wp-json\/wp\/v2\/pages"}],"about":[{"href":"https:\/\/mezcrafts.com\/pt\/wp-json\/wp\/v2\/types\/page"}],"author":[{"embeddable":true,"href":"https:\/\/mezcrafts.com\/pt\/wp-json\/wp\/v2\/users\/5"}],"replies":[{"embeddable":true,"href":"https:\/\/mezcrafts.com\/pt\/wp-json\/wp\/v2\/comments?post=4685"}],"version-history":[{"count":2,"href":"https:\/\/mezcrafts.com\/pt\/wp-json\/wp\/v2\/pages\/4685\/revisions"}],"predecessor-version":[{"id":6342,"href":"https:\/\/mezcrafts.com\/pt\/wp-json\/wp\/v2\/pages\/4685\/revisions\/6342"}],"wp:attachment":[{"href":"https:\/\/mezcrafts.com\/pt\/wp-json\/wp\/v2\/media?parent=4685"}],"curies":[{"name":"wp","href":"https:\/\/api.w.org\/{rel}","templated":true}]}}