{"id":5238,"date":"2021-09-28T12:44:03","date_gmt":"2021-09-28T12:44:03","guid":{"rendered":"https:\/\/mezcrafts.de\/karriere-bei-mez\/"},"modified":"2025-09-04T11:57:43","modified_gmt":"2025-09-04T09:57:43","slug":"karriere-bei-mez","status":"publish","type":"page","link":"https:\/\/mezcrafts.com\/tr\/karriere-bei-mez\/","title":{"rendered":"Karriere bei MEZ"},"content":{"rendered":"<p>Ob Produktentwicklung, Einkauf, Finanz, Marketing, Vertrieb oder Logistik \u2013 bei der MEZ Crafts Germany GmbH bewegt sich immer etwas und es gibt viele spannende T\u00e4tigkeitsfelder und Aufgaben. Wenn Ihr Herz f\u00fcr Handarbeiten, Garne, Kreativit\u00e4t und DIY schl\u00e4gt, dann haben Sie beste Chancen, bei uns Ihren Traumjob zu finden.<\/p>\n","protected":false},"excerpt":{"rendered":"<p>Ob Produktentwicklung, Einkauf, Finanz, Marketing, Vertrieb oder Logistik \u2013 bei der MEZ Crafts Germany GmbH bewegt sich immer etwas und es gibt viele spannende T\u00e4tigkeitsfelder und Aufgaben. Wenn Ihr Herz &#8230;<\/p>\n","protected":false},"author":5,"featured_media":0,"parent":0,"menu_order":0,"comment_status":"closed","ping_status":"closed","template":"","meta":{"footnotes":""},"class_list":["post-5238","page","type-page","status-publish","hentry"],"acf":[],"_links":{"self":[{"href":"https:\/\/mezcrafts.com\/tr\/wp-json\/wp\/v2\/pages\/5238","targetHints":{"allow":["GET"]}}],"collection":[{"href":"https:\/\/mezcrafts.com\/tr\/wp-json\/wp\/v2\/pages"}],"about":[{"href":"https:\/\/mezcrafts.com\/tr\/wp-json\/wp\/v2\/types\/page"}],"author":[{"embeddable":true,"href":"https:\/\/mezcrafts.com\/tr\/wp-json\/wp\/v2\/users\/5"}],"replies":[{"embeddable":true,"href":"https:\/\/mezcrafts.com\/tr\/wp-json\/wp\/v2\/comments?post=5238"}],"version-history":[{"count":11,"href":"https:\/\/mezcrafts.com\/tr\/wp-json\/wp\/v2\/pages\/5238\/revisions"}],"predecessor-version":[{"id":9688,"href":"https:\/\/mezcrafts.com\/tr\/wp-json\/wp\/v2\/pages\/5238\/revisions\/9688"}],"wp:attachment":[{"href":"https:\/\/mezcrafts.com\/tr\/wp-json\/wp\/v2\/media?parent=5238"}],"curies":[{"name":"wp","href":"https:\/\/api.w.org\/{rel}","templated":true}]}}