{"id":5312,"date":"2021-09-16T16:10:30","date_gmt":"2021-09-16T16:10:30","guid":{"rendered":"https:\/\/mezcrafts.de\/kataloge-kollektionen\/"},"modified":"2025-10-13T10:30:26","modified_gmt":"2025-10-13T08:30:26","slug":"kataloglar-ve-koleksiyonlar","status":"publish","type":"page","link":"https:\/\/mezcrafts.com\/tr\/kataloglar-ve-koleksiyonlar\/","title":{"rendered":"Kataloglar ve Koleksiyonlar"},"content":{"rendered":"<p>Burada, markalar\u0131m\u0131z\u0131n g\u00fcncel koleksiyonlar\u0131n\u0131 ve kataloglar\u0131n\u0131 bir bak\u0131\u015fta g\u00f6rebilirsiniz. \u0130lgili logoya t\u0131klayarak indirme sayfas\u0131na ula\u015fabilirsiniz.<\/p>\n<p>L\u00fctfen, kay\u0131tl\u0131 dosyalar\u0131n baz\u0131lar\u0131n\u0131n \u00e7ok b\u00fcy\u00fck boyutlu oldu\u011funu unutmay\u0131n. Bu nedenle, PDF dosyalar\u0131n\u0131 mobil veri \u00fczerinden indirmemenizi \u00f6neririz.<\/p>\n","protected":false},"excerpt":{"rendered":"<p>Burada, markalar\u0131m\u0131z\u0131n g\u00fcncel koleksiyonlar\u0131n\u0131 ve kataloglar\u0131n\u0131 bir bak\u0131\u015fta g\u00f6rebilirsiniz. \u0130lgili logoya t\u0131klayarak indirme sayfas\u0131na ula\u015fabilirsiniz. L\u00fctfen, kay\u0131tl\u0131 dosyalar\u0131n baz\u0131lar\u0131n\u0131n \u00e7ok b\u00fcy\u00fck boyutlu oldu\u011funu unutmay\u0131n. Bu nedenle, PDF dosyalar\u0131n\u0131 mobil veri &#8230;<\/p>\n","protected":false},"author":5,"featured_media":0,"parent":0,"menu_order":0,"comment_status":"closed","ping_status":"closed","template":"","meta":{"footnotes":""},"class_list":["post-5312","page","type-page","status-publish","hentry"],"acf":[],"_links":{"self":[{"href":"https:\/\/mezcrafts.com\/tr\/wp-json\/wp\/v2\/pages\/5312","targetHints":{"allow":["GET"]}}],"collection":[{"href":"https:\/\/mezcrafts.com\/tr\/wp-json\/wp\/v2\/pages"}],"about":[{"href":"https:\/\/mezcrafts.com\/tr\/wp-json\/wp\/v2\/types\/page"}],"author":[{"embeddable":true,"href":"https:\/\/mezcrafts.com\/tr\/wp-json\/wp\/v2\/users\/5"}],"replies":[{"embeddable":true,"href":"https:\/\/mezcrafts.com\/tr\/wp-json\/wp\/v2\/comments?post=5312"}],"version-history":[{"count":7,"href":"https:\/\/mezcrafts.com\/tr\/wp-json\/wp\/v2\/pages\/5312\/revisions"}],"predecessor-version":[{"id":9747,"href":"https:\/\/mezcrafts.com\/tr\/wp-json\/wp\/v2\/pages\/5312\/revisions\/9747"}],"wp:attachment":[{"href":"https:\/\/mezcrafts.com\/tr\/wp-json\/wp\/v2\/media?parent=5312"}],"curies":[{"name":"wp","href":"https:\/\/api.w.org\/{rel}","templated":true}]}}