{"id":5336,"date":"2021-09-14T08:11:26","date_gmt":"2021-09-14T08:11:26","guid":{"rendered":"https:\/\/mezcrafts.de\/unsere-marken\/"},"modified":"2022-02-03T10:36:24","modified_gmt":"2022-02-03T09:36:24","slug":"markanin-kayan-goerseli","status":"publish","type":"page","link":"https:\/\/mezcrafts.com\/tr\/markanin-kayan-goerseli\/","title":{"rendered":"Markan\u0131n kayan g\u00f6rseli"},"content":{"rendered":"<p>Geni\u015f marka portf\u00f6y\u00fcm\u00fcz size her beceri seviyesi i\u00e7in bir \u00fcr\u00fcn d\u00fcnyas\u0131 ve ilham sunuyor. El i\u015fi sanat\u0131n\u0131n her t\u00fcr\u00fc i\u00e7in iplikler, y\u00fcn ve ba\u015fka malzemeler sat\u0131yoruz ve sizin i\u00e7in her zaman ki\u015fisel bir \u00e7\u00f6z\u00fcm buluyoruz.<\/p>\n","protected":false},"excerpt":{"rendered":"<p>Geni\u015f marka portf\u00f6y\u00fcm\u00fcz size her beceri seviyesi i\u00e7in bir \u00fcr\u00fcn d\u00fcnyas\u0131 ve ilham sunuyor. El i\u015fi sanat\u0131n\u0131n her t\u00fcr\u00fc i\u00e7in iplikler, y\u00fcn ve ba\u015fka malzemeler sat\u0131yoruz ve sizin i\u00e7in her &#8230;<\/p>\n","protected":false},"author":5,"featured_media":0,"parent":0,"menu_order":0,"comment_status":"closed","ping_status":"closed","template":"","meta":{"footnotes":""},"class_list":["post-5336","page","type-page","status-publish","hentry"],"acf":[],"_links":{"self":[{"href":"https:\/\/mezcrafts.com\/tr\/wp-json\/wp\/v2\/pages\/5336","targetHints":{"allow":["GET"]}}],"collection":[{"href":"https:\/\/mezcrafts.com\/tr\/wp-json\/wp\/v2\/pages"}],"about":[{"href":"https:\/\/mezcrafts.com\/tr\/wp-json\/wp\/v2\/types\/page"}],"author":[{"embeddable":true,"href":"https:\/\/mezcrafts.com\/tr\/wp-json\/wp\/v2\/users\/5"}],"replies":[{"embeddable":true,"href":"https:\/\/mezcrafts.com\/tr\/wp-json\/wp\/v2\/comments?post=5336"}],"version-history":[{"count":2,"href":"https:\/\/mezcrafts.com\/tr\/wp-json\/wp\/v2\/pages\/5336\/revisions"}],"predecessor-version":[{"id":6409,"href":"https:\/\/mezcrafts.com\/tr\/wp-json\/wp\/v2\/pages\/5336\/revisions\/6409"}],"wp:attachment":[{"href":"https:\/\/mezcrafts.com\/tr\/wp-json\/wp\/v2\/media?parent=5336"}],"curies":[{"name":"wp","href":"https:\/\/api.w.org\/{rel}","templated":true}]}}