{"id":5340,"date":"2021-09-13T16:24:52","date_gmt":"2021-09-13T16:24:52","guid":{"rendered":"https:\/\/mezcrafts.de\/kontakt\/"},"modified":"2022-03-14T09:37:37","modified_gmt":"2022-03-14T08:37:37","slug":"iletisim","status":"publish","type":"page","link":"https:\/\/mezcrafts.com\/tr\/iletisim\/","title":{"rendered":"\u0130leti\u015fim"},"content":{"rendered":"<p>Sie m\u00f6chten uns etwas mitteilen oder haben Fragen zu unserer Webseite oder unseren Produkten?<br \/>\nGerne beantwortet das MEZ Crafts Team Ihre Nachricht.<\/p>\n","protected":false},"excerpt":{"rendered":"<p>Sie m\u00f6chten uns etwas mitteilen oder haben Fragen zu unserer Webseite oder unseren Produkten? Gerne beantwortet das MEZ Crafts Team Ihre Nachricht.<\/p>\n","protected":false},"author":5,"featured_media":0,"parent":0,"menu_order":0,"comment_status":"closed","ping_status":"closed","template":"","meta":{"footnotes":""},"class_list":["post-5340","page","type-page","status-publish","hentry"],"acf":[],"_links":{"self":[{"href":"https:\/\/mezcrafts.com\/tr\/wp-json\/wp\/v2\/pages\/5340","targetHints":{"allow":["GET"]}}],"collection":[{"href":"https:\/\/mezcrafts.com\/tr\/wp-json\/wp\/v2\/pages"}],"about":[{"href":"https:\/\/mezcrafts.com\/tr\/wp-json\/wp\/v2\/types\/page"}],"author":[{"embeddable":true,"href":"https:\/\/mezcrafts.com\/tr\/wp-json\/wp\/v2\/users\/5"}],"replies":[{"embeddable":true,"href":"https:\/\/mezcrafts.com\/tr\/wp-json\/wp\/v2\/comments?post=5340"}],"version-history":[{"count":4,"href":"https:\/\/mezcrafts.com\/tr\/wp-json\/wp\/v2\/pages\/5340\/revisions"}],"predecessor-version":[{"id":7432,"href":"https:\/\/mezcrafts.com\/tr\/wp-json\/wp\/v2\/pages\/5340\/revisions\/7432"}],"wp:attachment":[{"href":"https:\/\/mezcrafts.com\/tr\/wp-json\/wp\/v2\/media?parent=5340"}],"curies":[{"name":"wp","href":"https:\/\/api.w.org\/{rel}","templated":true}]}}